{"id":1296,"date":"2026-04-15T10:30:54","date_gmt":"2026-04-15T08:30:54","guid":{"rendered":"https:\/\/chateaudemamere.art\/?post_type=product&#038;p=1296"},"modified":"2026-04-15T21:46:54","modified_gmt":"2026-04-15T19:46:54","slug":"virginia","status":"publish","type":"product","link":"https:\/\/chateaudemonart.com\/en\/product\/virginia\/","title":{"rendered":"VIRGINIA &#8211; s\u00e9rie limit\u00e9e"},"content":{"rendered":"<p>Sublime long V-neck dress in cotton voile inlaid with refined lace play, butterfly sleeves, waist highlighted with a lace yoke and long ribbed pleats. The dress is designed to be worn on both sides with the buttoned opening in front or in the back.<\/p>\n<p>This piece, inspired by the romantic outfits of the 19th century, is perfect for a wedding or a simple country evening.<\/p>\n<p>The dress was developed and manufactured in a workshop in India.<\/p>\n<p>Material: 100% cotton<\/p>\n<p>NB: This reference comes with a removable cotton voile lined dress.<\/p>","protected":false},"excerpt":{"rendered":"<p>Sublime robe longue encolure V en voile de coton incrust\u00e9 de jeux de dentelles raffin\u00e9es, manches papillon, taille soulign\u00e9e d&#8217;un empi\u00e8cement de dentelle et de longs plis nervure. La robe est con\u00e7ue pour \u00eatre port\u00e9e des deux c\u00f4t\u00e9s avec l&#8217;ouverture boutonn\u00e9e devant ou au dos. Cette pi\u00e8ce inspir\u00e9e des tenues romantiques du 19\u00e8me si\u00e8cle est [&hellip;]<\/p>","protected":false},"featured_media":10580,"comment_status":"closed","ping_status":"closed","template":"","meta":{"site-sidebar-layout":"default","site-content-layout":"default","ast-site-content-layout":"default","site-content-style":"default","site-sidebar-style":"default","ast-global-header-display":"","ast-banner-title-visibility":"","ast-main-header-display":"","ast-hfb-above-header-display":"","ast-hfb-below-header-display":"","ast-hfb-mobile-header-display":"","site-post-title":"","ast-breadcrumbs-content":"","ast-featured-img":"","footer-sml-layout":"","theme-transparent-header-meta":"default","adv-header-id-meta":"","stick-header-meta":"","header-above-stick-meta":"","header-main-stick-meta":"","header-below-stick-meta":"","astra-migrate-meta-layouts":"set","ast-page-background-enabled":"default","ast-page-background-meta":{"desktop":{"background-color":"var(--ast-global-color-4)","background-image":"","background-repeat":"repeat","background-position":"center center","background-size":"auto","background-attachment":"scroll","background-type":"","background-media":"","overlay-type":"","overlay-color":"","overlay-gradient":""},"tablet":{"background-color":"","background-image":"","background-repeat":"repeat","background-position":"center center","background-size":"auto","background-attachment":"scroll","background-type":"","background-media":"","overlay-type":"","overlay-color":"","overlay-gradient":""},"mobile":{"background-color":"","background-image":"","background-repeat":"repeat","background-position":"center center","background-size":"auto","background-attachment":"scroll","background-type":"","background-media":"","overlay-type":"","overlay-color":"","overlay-gradient":""}},"ast-content-background-meta":{"desktop":{"background-color":"var(--ast-global-color-5)","background-image":"","background-repeat":"repeat","background-position":"center center","background-size":"auto","background-attachment":"scroll","background-type":"","background-media":"","overlay-type":"","overlay-color":"","overlay-gradient":""},"tablet":{"background-color":"var(--ast-global-color-5)","background-image":"","background-repeat":"repeat","background-position":"center center","background-size":"auto","background-attachment":"scroll","background-type":"","background-media":"","overlay-type":"","overlay-color":"","overlay-gradient":""},"mobile":{"background-color":"var(--ast-global-color-5)","background-image":"","background-repeat":"repeat","background-position":"center center","background-size":"auto","background-attachment":"scroll","background-type":"","background-media":"","overlay-type":"","overlay-color":"","overlay-gradient":""}}},"product_brand":[],"product_cat":[82],"product_tag":[],"class_list":{"0":"post-1296","1":"product","2":"type-product","3":"status-publish","4":"has-post-thumbnail","6":"product_cat-nouveautes","7":"desktop-align-left","8":"tablet-align-left","9":"mobile-align-left","11":"first","12":"instock","13":"shipping-taxable","14":"purchasable","15":"product-type-variable","16":"has-default-attributes"},"_links":{"self":[{"href":"https:\/\/chateaudemonart.com\/en\/wp-json\/wp\/v2\/product\/1296","targetHints":{"allow":["GET"]}}],"collection":[{"href":"https:\/\/chateaudemonart.com\/en\/wp-json\/wp\/v2\/product"}],"about":[{"href":"https:\/\/chateaudemonart.com\/en\/wp-json\/wp\/v2\/types\/product"}],"replies":[{"embeddable":true,"href":"https:\/\/chateaudemonart.com\/en\/wp-json\/wp\/v2\/comments?post=1296"}],"version-history":[{"count":6,"href":"https:\/\/chateaudemonart.com\/en\/wp-json\/wp\/v2\/product\/1296\/revisions"}],"predecessor-version":[{"id":10589,"href":"https:\/\/chateaudemonart.com\/en\/wp-json\/wp\/v2\/product\/1296\/revisions\/10589"}],"wp:featuredmedia":[{"embeddable":true,"href":"https:\/\/chateaudemonart.com\/en\/wp-json\/wp\/v2\/media\/10580"}],"wp:attachment":[{"href":"https:\/\/chateaudemonart.com\/en\/wp-json\/wp\/v2\/media?parent=1296"}],"wp:term":[{"taxonomy":"product_brand","embeddable":true,"href":"https:\/\/chateaudemonart.com\/en\/wp-json\/wp\/v2\/product_brand?post=1296"},{"taxonomy":"product_cat","embeddable":true,"href":"https:\/\/chateaudemonart.com\/en\/wp-json\/wp\/v2\/product_cat?post=1296"},{"taxonomy":"product_tag","embeddable":true,"href":"https:\/\/chateaudemonart.com\/en\/wp-json\/wp\/v2\/product_tag?post=1296"}],"curies":[{"name":"wp","href":"https:\/\/api.w.org\/{rel}","templated":true}]}}