{"id":3155,"date":"2022-10-02T20:56:14","date_gmt":"2022-10-02T18:56:14","guid":{"rendered":"https:\/\/chateaudemamere.art\/?post_type=product&#038;p=3155"},"modified":"2024-09-06T01:03:29","modified_gmt":"2024-09-05T23:03:29","slug":"darren-ecru","status":"publish","type":"product","link":"https:\/\/chateaudemonart.com\/en\/product\/darren-ecru\/","title":{"rendered":"CLARENCE &#8211; uni Blanc"},"content":{"rendered":"<p>Blouse loose avec empi\u00e8cements de dentelles et de petits plis couch\u00e9s \u00e0 l&#8217;encolure devant et dos. Ligne d&#8217;\u00e9paule tombante. Fronces en t\u00eate de manche et d\u00e9tail de dentelles en finition dessus poignet.<\/p>\n<p>Cette pi\u00e8ce unique a \u00e9t\u00e9 dessin\u00e9e et mise au point par la cr\u00e9atrice Virginie Guarisco.<\/p>\n<p>Mati\u00e8re : 100% coton &#8211; fabriqu\u00e9 dans un atelier en Inde.<\/p>","protected":false},"excerpt":{"rendered":"<p>Blouse loose avec empi\u00e8cements de dentelles et de petits plis couch\u00e9s \u00e0 l&#8217;encolure devant et dos. Ligne d&#8217;\u00e9paule tombante. Fronces en t\u00eate de manche et d\u00e9tail de dentelles en finition dessus poignet. Cette pi\u00e8ce unique a \u00e9t\u00e9 dessin\u00e9e et mise au point par la cr\u00e9atrice Virginie Guarisco. Mati\u00e8re : 100% coton &#8211; fabriqu\u00e9 dans un [&hellip;]<\/p>","protected":false},"featured_media":5108,"comment_status":"closed","ping_status":"closed","template":"","meta":{"site-sidebar-layout":"default","site-content-layout":"default","ast-site-content-layout":"default","site-content-style":"default","site-sidebar-style":"default","ast-global-header-display":"","ast-banner-title-visibility":"","ast-main-header-display":"","ast-hfb-above-header-display":"","ast-hfb-below-header-display":"","ast-hfb-mobile-header-display":"","site-post-title":"","ast-breadcrumbs-content":"","ast-featured-img":"","footer-sml-layout":"","theme-transparent-header-meta":"default","adv-header-id-meta":"","stick-header-meta":"","header-above-stick-meta":"","header-main-stick-meta":"","header-below-stick-meta":"","astra-migrate-meta-layouts":"set","ast-page-background-enabled":"default","ast-page-background-meta":{"desktop":{"background-color":"var(--ast-global-color-4)","background-image":"","background-repeat":"repeat","background-position":"center center","background-size":"auto","background-attachment":"scroll","background-type":"","background-media":"","overlay-type":"","overlay-color":"","overlay-gradient":""},"tablet":{"background-color":"","background-image":"","background-repeat":"repeat","background-position":"center center","background-size":"auto","background-attachment":"scroll","background-type":"","background-media":"","overlay-type":"","overlay-color":"","overlay-gradient":""},"mobile":{"background-color":"","background-image":"","background-repeat":"repeat","background-position":"center center","background-size":"auto","background-attachment":"scroll","background-type":"","background-media":"","overlay-type":"","overlay-color":"","overlay-gradient":""}},"ast-content-background-meta":{"desktop":{"background-color":"var(--ast-global-color-5)","background-image":"","background-repeat":"repeat","background-position":"center center","background-size":"auto","background-attachment":"scroll","background-type":"","background-media":"","overlay-type":"","overlay-color":"","overlay-gradient":""},"tablet":{"background-color":"var(--ast-global-color-5)","background-image":"","background-repeat":"repeat","background-position":"center center","background-size":"auto","background-attachment":"scroll","background-type":"","background-media":"","overlay-type":"","overlay-color":"","overlay-gradient":""},"mobile":{"background-color":"var(--ast-global-color-5)","background-image":"","background-repeat":"repeat","background-position":"center center","background-size":"auto","background-attachment":"scroll","background-type":"","background-media":"","overlay-type":"","overlay-color":"","overlay-gradient":""}}},"product_brand":[],"product_cat":[20],"product_tag":[],"class_list":{"0":"post-3155","1":"product","2":"type-product","3":"status-publish","4":"has-post-thumbnail","6":"product_cat-non-classe","7":"desktop-align-left","8":"tablet-align-left","9":"mobile-align-left","11":"first","12":"instock","13":"shipping-taxable","14":"purchasable","15":"product-type-variable"},"_links":{"self":[{"href":"https:\/\/chateaudemonart.com\/en\/wp-json\/wp\/v2\/product\/3155","targetHints":{"allow":["GET"]}}],"collection":[{"href":"https:\/\/chateaudemonart.com\/en\/wp-json\/wp\/v2\/product"}],"about":[{"href":"https:\/\/chateaudemonart.com\/en\/wp-json\/wp\/v2\/types\/product"}],"replies":[{"embeddable":true,"href":"https:\/\/chateaudemonart.com\/en\/wp-json\/wp\/v2\/comments?post=3155"}],"version-history":[{"count":4,"href":"https:\/\/chateaudemonart.com\/en\/wp-json\/wp\/v2\/product\/3155\/revisions"}],"predecessor-version":[{"id":3485,"href":"https:\/\/chateaudemonart.com\/en\/wp-json\/wp\/v2\/product\/3155\/revisions\/3485"}],"wp:featuredmedia":[{"embeddable":true,"href":"https:\/\/chateaudemonart.com\/en\/wp-json\/wp\/v2\/media\/5108"}],"wp:attachment":[{"href":"https:\/\/chateaudemonart.com\/en\/wp-json\/wp\/v2\/media?parent=3155"}],"wp:term":[{"taxonomy":"product_brand","embeddable":true,"href":"https:\/\/chateaudemonart.com\/en\/wp-json\/wp\/v2\/product_brand?post=3155"},{"taxonomy":"product_cat","embeddable":true,"href":"https:\/\/chateaudemonart.com\/en\/wp-json\/wp\/v2\/product_cat?post=3155"},{"taxonomy":"product_tag","embeddable":true,"href":"https:\/\/chateaudemonart.com\/en\/wp-json\/wp\/v2\/product_tag?post=3155"}],"curies":[{"name":"wp","href":"https:\/\/api.w.org\/{rel}","templated":true}]}}