{"id":5193,"date":"2024-05-05T16:24:52","date_gmt":"2024-05-05T14:24:52","guid":{"rendered":"https:\/\/chateaudemonart.com\/?post_type=product&#038;p=5193"},"modified":"2024-09-06T00:55:36","modified_gmt":"2024-09-05T22:55:36","slug":"arthy-piece-unique-copie","status":"publish","type":"product","link":"https:\/\/chateaudemonart.com\/en\/product\/arthy-piece-unique-copie\/","title":{"rendered":"BERYL &#8211; Pi\u00e8ce Unique"},"content":{"rendered":"<blockquote>\n<p style=\"text-align: left\">Robe longue dos nu en voile de coton imprim\u00e9 fond Noir dessin floral \u00e9cru. Ruban de r\u00e9glage dans la nuque. Bas d&#8217;ouverture dos \u00e9lastiqu\u00e9. Ceinture tress\u00e9e en coton noir et lurex or amovible. La robe se pr\u00e9sente sous forme de 2 panneaux crois\u00e9s devant. Plus de 4 mts de tissu enti\u00e8rement coup\u00e9s dans le biais.<\/p>\n<\/blockquote>\n<p>Mati\u00e8re : 100% coton.<\/p>\n<p>Taille : Unique, conviendra parfaitement \u00e0 un 36 \/ 38 ou 40<\/p>\n<p>N&#8217;h\u00e9sitez pas \u00e0 nous solliciter par messagerie sur Instagram : <strong>mysundaymorning.fr<\/strong> pour plus d&#8217;infos produit.<\/p>","protected":false},"excerpt":{"rendered":"<p>Robe longue dos nu en voile de coton imprim\u00e9 fond Noir dessin floral \u00e9cru. Ruban de r\u00e9glage dans la nuque. Bas d&#8217;ouverture dos \u00e9lastiqu\u00e9. Ceinture tress\u00e9e en coton noir et lurex or amovible. La robe se pr\u00e9sente sous forme de 2 panneaux crois\u00e9s devant. Plus de 4 mts de tissu enti\u00e8rement coup\u00e9s dans le biais. [&hellip;]<\/p>","protected":false},"featured_media":5720,"comment_status":"closed","ping_status":"closed","template":"","meta":{"site-sidebar-layout":"default","site-content-layout":"default","ast-site-content-layout":"default","site-content-style":"default","site-sidebar-style":"default","ast-global-header-display":"","ast-banner-title-visibility":"","ast-main-header-display":"","ast-hfb-above-header-display":"","ast-hfb-below-header-display":"","ast-hfb-mobile-header-display":"","site-post-title":"","ast-breadcrumbs-content":"","ast-featured-img":"","footer-sml-layout":"","theme-transparent-header-meta":"default","adv-header-id-meta":"","stick-header-meta":"","header-above-stick-meta":"","header-main-stick-meta":"","header-below-stick-meta":"","astra-migrate-meta-layouts":"set","ast-page-background-enabled":"default","ast-page-background-meta":{"desktop":{"background-color":"var(--ast-global-color-4)","background-image":"","background-repeat":"repeat","background-position":"center center","background-size":"auto","background-attachment":"scroll","background-type":"","background-media":"","overlay-type":"","overlay-color":"","overlay-gradient":""},"tablet":{"background-color":"","background-image":"","background-repeat":"repeat","background-position":"center center","background-size":"auto","background-attachment":"scroll","background-type":"","background-media":"","overlay-type":"","overlay-color":"","overlay-gradient":""},"mobile":{"background-color":"","background-image":"","background-repeat":"repeat","background-position":"center center","background-size":"auto","background-attachment":"scroll","background-type":"","background-media":"","overlay-type":"","overlay-color":"","overlay-gradient":""}},"ast-content-background-meta":{"desktop":{"background-color":"var(--ast-global-color-5)","background-image":"","background-repeat":"repeat","background-position":"center center","background-size":"auto","background-attachment":"scroll","background-type":"","background-media":"","overlay-type":"","overlay-color":"","overlay-gradient":""},"tablet":{"background-color":"var(--ast-global-color-5)","background-image":"","background-repeat":"repeat","background-position":"center center","background-size":"auto","background-attachment":"scroll","background-type":"","background-media":"","overlay-type":"","overlay-color":"","overlay-gradient":""},"mobile":{"background-color":"var(--ast-global-color-5)","background-image":"","background-repeat":"repeat","background-position":"center center","background-size":"auto","background-attachment":"scroll","background-type":"","background-media":"","overlay-type":"","overlay-color":"","overlay-gradient":""}}},"product_brand":[],"product_cat":[20],"product_tag":[],"class_list":{"0":"post-5193","1":"product","2":"type-product","3":"status-publish","4":"has-post-thumbnail","6":"product_cat-non-classe","7":"desktop-align-left","8":"tablet-align-left","9":"mobile-align-left","11":"first","12":"instock","13":"shipping-taxable","14":"purchasable","15":"product-type-variable","16":"has-default-attributes"},"_links":{"self":[{"href":"https:\/\/chateaudemonart.com\/en\/wp-json\/wp\/v2\/product\/5193","targetHints":{"allow":["GET"]}}],"collection":[{"href":"https:\/\/chateaudemonart.com\/en\/wp-json\/wp\/v2\/product"}],"about":[{"href":"https:\/\/chateaudemonart.com\/en\/wp-json\/wp\/v2\/types\/product"}],"replies":[{"embeddable":true,"href":"https:\/\/chateaudemonart.com\/en\/wp-json\/wp\/v2\/comments?post=5193"}],"version-history":[{"count":5,"href":"https:\/\/chateaudemonart.com\/en\/wp-json\/wp\/v2\/product\/5193\/revisions"}],"predecessor-version":[{"id":5910,"href":"https:\/\/chateaudemonart.com\/en\/wp-json\/wp\/v2\/product\/5193\/revisions\/5910"}],"wp:featuredmedia":[{"embeddable":true,"href":"https:\/\/chateaudemonart.com\/en\/wp-json\/wp\/v2\/media\/5720"}],"wp:attachment":[{"href":"https:\/\/chateaudemonart.com\/en\/wp-json\/wp\/v2\/media?parent=5193"}],"wp:term":[{"taxonomy":"product_brand","embeddable":true,"href":"https:\/\/chateaudemonart.com\/en\/wp-json\/wp\/v2\/product_brand?post=5193"},{"taxonomy":"product_cat","embeddable":true,"href":"https:\/\/chateaudemonart.com\/en\/wp-json\/wp\/v2\/product_cat?post=5193"},{"taxonomy":"product_tag","embeddable":true,"href":"https:\/\/chateaudemonart.com\/en\/wp-json\/wp\/v2\/product_tag?post=5193"}],"curies":[{"name":"wp","href":"https:\/\/api.w.org\/{rel}","templated":true}]}}