{"id":6255,"date":"2026-01-01T06:30:12","date_gmt":"2026-01-01T05:30:12","guid":{"rendered":"https:\/\/chateaudemonart.com\/?post_type=product&#038;p=6255"},"modified":"2026-01-05T19:48:06","modified_gmt":"2026-01-05T18:48:06","slug":"gabrielle-2","status":"publish","type":"product","link":"https:\/\/chateaudemonart.com\/en\/product\/gabrielle-2\/","title":{"rendered":"GABRIELLE &#8211; Pi\u00e8ce Unique"},"content":{"rendered":"<p>Blouse in cotton voile inlaid with embroidery and refined lace inserts on the front and back, 3\/4 length sleeves and embroidered high collar trimmed with a light gathered lace, buttoned neckline opening. Monogrammed embroidery VG, initials of the designer Virginie Guarisco.<\/p>\n<p>This piece is inspired by the romantic outfits of the 19th century, and was developed and manufactured in a workshop in India.<\/p>\n<p>Material: 100% cotton<\/p>","protected":false},"excerpt":{"rendered":"<p>Blouse en voile de coton incrust\u00e9 d&#8217;empi\u00e8cements de broderies et de dentelles raffin\u00e9es devant et dos, manches 3\/4 et col montant brod\u00e9 garni d&#8217;une l\u00e9g\u00e8re dentelle fronc\u00e9e, ouverture d&#8217;encolure boutonn\u00e9e. Broderie monogramme VG, initiales de la cr\u00e9atrice Virginie Guarisco. Cette pi\u00e8ce est inspir\u00e9e des tenues romantiques du 19\u00e8me si\u00e8cle, et a \u00e9t\u00e9 mise au point [&hellip;]<\/p>","protected":false},"featured_media":9086,"comment_status":"closed","ping_status":"closed","template":"","meta":{"site-sidebar-layout":"default","site-content-layout":"default","ast-site-content-layout":"default","site-content-style":"default","site-sidebar-style":"default","ast-global-header-display":"","ast-banner-title-visibility":"","ast-main-header-display":"","ast-hfb-above-header-display":"","ast-hfb-below-header-display":"","ast-hfb-mobile-header-display":"","site-post-title":"","ast-breadcrumbs-content":"","ast-featured-img":"","footer-sml-layout":"","theme-transparent-header-meta":"default","adv-header-id-meta":"","stick-header-meta":"","header-above-stick-meta":"","header-main-stick-meta":"","header-below-stick-meta":"","astra-migrate-meta-layouts":"set","ast-page-background-enabled":"default","ast-page-background-meta":{"desktop":{"background-color":"var(--ast-global-color-4)","background-image":"","background-repeat":"repeat","background-position":"center center","background-size":"auto","background-attachment":"scroll","background-type":"","background-media":"","overlay-type":"","overlay-color":"","overlay-gradient":""},"tablet":{"background-color":"","background-image":"","background-repeat":"repeat","background-position":"center center","background-size":"auto","background-attachment":"scroll","background-type":"","background-media":"","overlay-type":"","overlay-color":"","overlay-gradient":""},"mobile":{"background-color":"","background-image":"","background-repeat":"repeat","background-position":"center center","background-size":"auto","background-attachment":"scroll","background-type":"","background-media":"","overlay-type":"","overlay-color":"","overlay-gradient":""}},"ast-content-background-meta":{"desktop":{"background-color":"var(--ast-global-color-5)","background-image":"","background-repeat":"repeat","background-position":"center center","background-size":"auto","background-attachment":"scroll","background-type":"","background-media":"","overlay-type":"","overlay-color":"","overlay-gradient":""},"tablet":{"background-color":"var(--ast-global-color-5)","background-image":"","background-repeat":"repeat","background-position":"center center","background-size":"auto","background-attachment":"scroll","background-type":"","background-media":"","overlay-type":"","overlay-color":"","overlay-gradient":""},"mobile":{"background-color":"var(--ast-global-color-5)","background-image":"","background-repeat":"repeat","background-position":"center center","background-size":"auto","background-attachment":"scroll","background-type":"","background-media":"","overlay-type":"","overlay-color":"","overlay-gradient":""}}},"product_brand":[],"product_cat":[82],"product_tag":[],"class_list":{"0":"post-6255","1":"product","2":"type-product","3":"status-publish","4":"has-post-thumbnail","6":"product_cat-nouveautes","7":"desktop-align-left","8":"tablet-align-left","9":"mobile-align-left","11":"first","12":"instock","13":"shipping-taxable","14":"purchasable","15":"product-type-variable","16":"has-default-attributes"},"_links":{"self":[{"href":"https:\/\/chateaudemonart.com\/en\/wp-json\/wp\/v2\/product\/6255","targetHints":{"allow":["GET"]}}],"collection":[{"href":"https:\/\/chateaudemonart.com\/en\/wp-json\/wp\/v2\/product"}],"about":[{"href":"https:\/\/chateaudemonart.com\/en\/wp-json\/wp\/v2\/types\/product"}],"replies":[{"embeddable":true,"href":"https:\/\/chateaudemonart.com\/en\/wp-json\/wp\/v2\/comments?post=6255"}],"version-history":[{"count":3,"href":"https:\/\/chateaudemonart.com\/en\/wp-json\/wp\/v2\/product\/6255\/revisions"}],"predecessor-version":[{"id":9087,"href":"https:\/\/chateaudemonart.com\/en\/wp-json\/wp\/v2\/product\/6255\/revisions\/9087"}],"wp:featuredmedia":[{"embeddable":true,"href":"https:\/\/chateaudemonart.com\/en\/wp-json\/wp\/v2\/media\/9086"}],"wp:attachment":[{"href":"https:\/\/chateaudemonart.com\/en\/wp-json\/wp\/v2\/media?parent=6255"}],"wp:term":[{"taxonomy":"product_brand","embeddable":true,"href":"https:\/\/chateaudemonart.com\/en\/wp-json\/wp\/v2\/product_brand?post=6255"},{"taxonomy":"product_cat","embeddable":true,"href":"https:\/\/chateaudemonart.com\/en\/wp-json\/wp\/v2\/product_cat?post=6255"},{"taxonomy":"product_tag","embeddable":true,"href":"https:\/\/chateaudemonart.com\/en\/wp-json\/wp\/v2\/product_tag?post=6255"}],"curies":[{"name":"wp","href":"https:\/\/api.w.org\/{rel}","templated":true}]}}