{"id":7635,"date":"2026-01-01T05:45:41","date_gmt":"2026-01-01T04:45:41","guid":{"rendered":"https:\/\/chateaudemonart.com\/?post_type=product&#038;p=7635"},"modified":"2026-01-05T19:53:35","modified_gmt":"2026-01-05T18:53:35","slug":"adora-piece-unique-upcyclee","status":"publish","type":"product","link":"https:\/\/chateaudemonart.com\/en\/product\/adora-piece-unique-upcyclee\/","title":{"rendered":"ADORA &#8211; Pi\u00e8ce Unique Upcycl\u00e9e"},"content":{"rendered":"<blockquote>\n<p style=\"text-align: left\">D\u00e9bardeur fines brettelles en soie imprim\u00e9 japonais avec bretelles en rubans de soie tie&amp;dyed. Empi\u00e8cement dos mont\u00e9 dans un travers de table en fin crochet du 19\u00e8me si\u00e8cle. Cette pi\u00e8ce unique est enti\u00e8rement assembl\u00e9e et piqu\u00e9e main. Un travail artisanal et un rendu au port\u00e9 exceptionnels!<\/p>\n<p>&nbsp;<\/p><\/blockquote>\n<p>Mati\u00e8re : 100% soie &#8211; conseil de lavage : Pressing<\/p>\n<p>Taille : 38<\/p>\n<p>N&#8217;h\u00e9sitez pas \u00e0 nous solliciter par messagerie sur Instagram : <strong>mysundaymorning.fr<\/strong> pour plus d&#8217;infos produit.<\/p>","protected":false},"excerpt":{"rendered":"<p>D\u00e9bardeur fines brettelles en soie imprim\u00e9 japonais avec bretelles en rubans de soie tie&amp;dyed. Empi\u00e8cement dos mont\u00e9 dans un travers de table en fin crochet du 19\u00e8me si\u00e8cle. Cette pi\u00e8ce unique est enti\u00e8rement assembl\u00e9e et piqu\u00e9e main. Un travail artisanal et un rendu au port\u00e9 exceptionnels! &nbsp; Mati\u00e8re : 100% soie &#8211; conseil de lavage [&hellip;]<\/p>","protected":false},"featured_media":7638,"comment_status":"closed","ping_status":"closed","template":"","meta":{"site-sidebar-layout":"default","site-content-layout":"default","ast-site-content-layout":"default","site-content-style":"default","site-sidebar-style":"default","ast-global-header-display":"","ast-banner-title-visibility":"","ast-main-header-display":"","ast-hfb-above-header-display":"","ast-hfb-below-header-display":"","ast-hfb-mobile-header-display":"","site-post-title":"","ast-breadcrumbs-content":"","ast-featured-img":"","footer-sml-layout":"","theme-transparent-header-meta":"default","adv-header-id-meta":"","stick-header-meta":"","header-above-stick-meta":"","header-main-stick-meta":"","header-below-stick-meta":"","astra-migrate-meta-layouts":"set","ast-page-background-enabled":"default","ast-page-background-meta":{"desktop":{"background-color":"var(--ast-global-color-4)","background-image":"","background-repeat":"repeat","background-position":"center center","background-size":"auto","background-attachment":"scroll","background-type":"","background-media":"","overlay-type":"","overlay-color":"","overlay-gradient":""},"tablet":{"background-color":"","background-image":"","background-repeat":"repeat","background-position":"center center","background-size":"auto","background-attachment":"scroll","background-type":"","background-media":"","overlay-type":"","overlay-color":"","overlay-gradient":""},"mobile":{"background-color":"","background-image":"","background-repeat":"repeat","background-position":"center center","background-size":"auto","background-attachment":"scroll","background-type":"","background-media":"","overlay-type":"","overlay-color":"","overlay-gradient":""}},"ast-content-background-meta":{"desktop":{"background-color":"var(--ast-global-color-5)","background-image":"","background-repeat":"repeat","background-position":"center center","background-size":"auto","background-attachment":"scroll","background-type":"","background-media":"","overlay-type":"","overlay-color":"","overlay-gradient":""},"tablet":{"background-color":"var(--ast-global-color-5)","background-image":"","background-repeat":"repeat","background-position":"center center","background-size":"auto","background-attachment":"scroll","background-type":"","background-media":"","overlay-type":"","overlay-color":"","overlay-gradient":""},"mobile":{"background-color":"var(--ast-global-color-5)","background-image":"","background-repeat":"repeat","background-position":"center center","background-size":"auto","background-attachment":"scroll","background-type":"","background-media":"","overlay-type":"","overlay-color":"","overlay-gradient":""}}},"product_brand":[],"product_cat":[82],"product_tag":[],"class_list":{"0":"post-7635","1":"product","2":"type-product","3":"status-publish","4":"has-post-thumbnail","6":"product_cat-nouveautes","7":"desktop-align-left","8":"tablet-align-left","9":"mobile-align-left","11":"first","12":"instock","13":"shipping-taxable","14":"purchasable","15":"product-type-variable","16":"has-default-attributes"},"_links":{"self":[{"href":"https:\/\/chateaudemonart.com\/en\/wp-json\/wp\/v2\/product\/7635","targetHints":{"allow":["GET"]}}],"collection":[{"href":"https:\/\/chateaudemonart.com\/en\/wp-json\/wp\/v2\/product"}],"about":[{"href":"https:\/\/chateaudemonart.com\/en\/wp-json\/wp\/v2\/types\/product"}],"replies":[{"embeddable":true,"href":"https:\/\/chateaudemonart.com\/en\/wp-json\/wp\/v2\/comments?post=7635"}],"version-history":[{"count":2,"href":"https:\/\/chateaudemonart.com\/en\/wp-json\/wp\/v2\/product\/7635\/revisions"}],"predecessor-version":[{"id":7720,"href":"https:\/\/chateaudemonart.com\/en\/wp-json\/wp\/v2\/product\/7635\/revisions\/7720"}],"wp:featuredmedia":[{"embeddable":true,"href":"https:\/\/chateaudemonart.com\/en\/wp-json\/wp\/v2\/media\/7638"}],"wp:attachment":[{"href":"https:\/\/chateaudemonart.com\/en\/wp-json\/wp\/v2\/media?parent=7635"}],"wp:term":[{"taxonomy":"product_brand","embeddable":true,"href":"https:\/\/chateaudemonart.com\/en\/wp-json\/wp\/v2\/product_brand?post=7635"},{"taxonomy":"product_cat","embeddable":true,"href":"https:\/\/chateaudemonart.com\/en\/wp-json\/wp\/v2\/product_cat?post=7635"},{"taxonomy":"product_tag","embeddable":true,"href":"https:\/\/chateaudemonart.com\/en\/wp-json\/wp\/v2\/product_tag?post=7635"}],"curies":[{"name":"wp","href":"https:\/\/api.w.org\/{rel}","templated":true}]}}