{"id":7673,"date":"2026-01-01T06:00:17","date_gmt":"2026-01-01T05:00:17","guid":{"rendered":"https:\/\/chateaudemonart.com\/?post_type=product&#038;p=7673"},"modified":"2026-01-05T19:52:07","modified_gmt":"2026-01-05T18:52:07","slug":"leontine-piece-unique-vintage","status":"publish","type":"product","link":"https:\/\/chateaudemonart.com\/en\/product\/leontine-piece-unique-vintage\/","title":{"rendered":"LEONTINE &#8211; Pi\u00e8ce Unique"},"content":{"rendered":"<p>&nbsp;<\/p>\n<p style=\"text-align: left\">Chemise de voile de coton tiss\u00e9 avec plastron orn\u00e9 de plis couch\u00e9s et dentelles en poitrine , fermeture par la p\u00e2te de boutonnage sous plastron, l\u00e9g\u00e8res fronces bas de manches.<\/p>\n<p>&nbsp;<\/p>\n<p>Mati\u00e8re : 100% coton &#8211; conseil de lavage : Pressing de p\u00e9f\u00e9r\u00e9rence \/ou 30\u00b0 machine cycle d\u00e9licat ( laine ou soie ), laver s\u00e9par\u00e9ment. Ne surtout pas mettre au s\u00e8che-linge.<\/p>\n<p>Taille : 38<\/p>\n<p>N&#8217;h\u00e9sitez pas \u00e0 nous solliciter par messagerie sur Instagram : <strong>mysundaymorning.fr<\/strong> pour plus d&#8217;infos produit.<\/p>","protected":false},"excerpt":{"rendered":"<p>&nbsp; Chemise de voile de coton tiss\u00e9 avec plastron orn\u00e9 de plis couch\u00e9s et dentelles en poitrine , fermeture par la p\u00e2te de boutonnage sous plastron, l\u00e9g\u00e8res fronces bas de manches. &nbsp; Mati\u00e8re : 100% coton &#8211; conseil de lavage : Pressing de p\u00e9f\u00e9r\u00e9rence \/ou 30\u00b0 machine cycle d\u00e9licat ( laine ou soie ), laver [&hellip;]<\/p>","protected":false},"featured_media":7675,"comment_status":"closed","ping_status":"closed","template":"","meta":{"site-sidebar-layout":"default","site-content-layout":"default","ast-site-content-layout":"default","site-content-style":"default","site-sidebar-style":"default","ast-global-header-display":"","ast-banner-title-visibility":"","ast-main-header-display":"","ast-hfb-above-header-display":"","ast-hfb-below-header-display":"","ast-hfb-mobile-header-display":"","site-post-title":"","ast-breadcrumbs-content":"","ast-featured-img":"","footer-sml-layout":"","theme-transparent-header-meta":"default","adv-header-id-meta":"","stick-header-meta":"","header-above-stick-meta":"","header-main-stick-meta":"","header-below-stick-meta":"","astra-migrate-meta-layouts":"set","ast-page-background-enabled":"default","ast-page-background-meta":{"desktop":{"background-color":"var(--ast-global-color-4)","background-image":"","background-repeat":"repeat","background-position":"center center","background-size":"auto","background-attachment":"scroll","background-type":"","background-media":"","overlay-type":"","overlay-color":"","overlay-gradient":""},"tablet":{"background-color":"","background-image":"","background-repeat":"repeat","background-position":"center center","background-size":"auto","background-attachment":"scroll","background-type":"","background-media":"","overlay-type":"","overlay-color":"","overlay-gradient":""},"mobile":{"background-color":"","background-image":"","background-repeat":"repeat","background-position":"center center","background-size":"auto","background-attachment":"scroll","background-type":"","background-media":"","overlay-type":"","overlay-color":"","overlay-gradient":""}},"ast-content-background-meta":{"desktop":{"background-color":"var(--ast-global-color-5)","background-image":"","background-repeat":"repeat","background-position":"center center","background-size":"auto","background-attachment":"scroll","background-type":"","background-media":"","overlay-type":"","overlay-color":"","overlay-gradient":""},"tablet":{"background-color":"var(--ast-global-color-5)","background-image":"","background-repeat":"repeat","background-position":"center center","background-size":"auto","background-attachment":"scroll","background-type":"","background-media":"","overlay-type":"","overlay-color":"","overlay-gradient":""},"mobile":{"background-color":"var(--ast-global-color-5)","background-image":"","background-repeat":"repeat","background-position":"center center","background-size":"auto","background-attachment":"scroll","background-type":"","background-media":"","overlay-type":"","overlay-color":"","overlay-gradient":""}}},"product_brand":[],"product_cat":[82],"product_tag":[],"class_list":{"0":"post-7673","1":"product","2":"type-product","3":"status-publish","4":"has-post-thumbnail","6":"product_cat-nouveautes","7":"desktop-align-left","8":"tablet-align-left","9":"mobile-align-left","11":"first","12":"instock","13":"shipping-taxable","14":"purchasable","15":"product-type-variable","16":"has-default-attributes"},"_links":{"self":[{"href":"https:\/\/chateaudemonart.com\/en\/wp-json\/wp\/v2\/product\/7673","targetHints":{"allow":["GET"]}}],"collection":[{"href":"https:\/\/chateaudemonart.com\/en\/wp-json\/wp\/v2\/product"}],"about":[{"href":"https:\/\/chateaudemonart.com\/en\/wp-json\/wp\/v2\/types\/product"}],"replies":[{"embeddable":true,"href":"https:\/\/chateaudemonart.com\/en\/wp-json\/wp\/v2\/comments?post=7673"}],"version-history":[{"count":2,"href":"https:\/\/chateaudemonart.com\/en\/wp-json\/wp\/v2\/product\/7673\/revisions"}],"predecessor-version":[{"id":7717,"href":"https:\/\/chateaudemonart.com\/en\/wp-json\/wp\/v2\/product\/7673\/revisions\/7717"}],"wp:featuredmedia":[{"embeddable":true,"href":"https:\/\/chateaudemonart.com\/en\/wp-json\/wp\/v2\/media\/7675"}],"wp:attachment":[{"href":"https:\/\/chateaudemonart.com\/en\/wp-json\/wp\/v2\/media?parent=7673"}],"wp:term":[{"taxonomy":"product_brand","embeddable":true,"href":"https:\/\/chateaudemonart.com\/en\/wp-json\/wp\/v2\/product_brand?post=7673"},{"taxonomy":"product_cat","embeddable":true,"href":"https:\/\/chateaudemonart.com\/en\/wp-json\/wp\/v2\/product_cat?post=7673"},{"taxonomy":"product_tag","embeddable":true,"href":"https:\/\/chateaudemonart.com\/en\/wp-json\/wp\/v2\/product_tag?post=7673"}],"curies":[{"name":"wp","href":"https:\/\/api.w.org\/{rel}","templated":true}]}}