{"id":8824,"date":"2025-08-30T22:29:41","date_gmt":"2025-08-30T20:29:41","guid":{"rendered":"https:\/\/chateaudemonart.com\/?post_type=product&#038;p=8824"},"modified":"2025-09-09T22:54:20","modified_gmt":"2025-09-09T20:54:20","slug":"joan-piece-vintage","status":"publish","type":"product","link":"https:\/\/chateaudemonart.com\/en\/product\/joan-piece-vintage\/","title":{"rendered":"JOAN &#8211; Pi\u00e8ce Vintage"},"content":{"rendered":"<p>&nbsp;<\/p>\n<p style=\"text-align: left\">Besace artisanale tiss\u00e9e main, destin\u00e9e \u00e0 d\u00e9corer &amp; prot\u00e9ger une gourde, chin\u00e9e dans une boutique d&#8217;antiquit\u00e9s au Colorado. Une pi\u00e8ce Unique.<\/p>\n<p>Mati\u00e8re : 100% laine<\/p>\n<p>Taille Unique.<\/p>\n<p>N&#8217;h\u00e9sitez pas \u00e0 nous solliciter par messagerie sur Instagram : <strong>mysundaymorning.fr<\/strong> pour plus d&#8217;infos produit.<\/p>","protected":false},"excerpt":{"rendered":"<p>&nbsp; Besace artisanale tiss\u00e9e main, destin\u00e9e \u00e0 d\u00e9corer &amp; prot\u00e9ger une gourde, chin\u00e9e dans une boutique d&#8217;antiquit\u00e9s au Colorado. Une pi\u00e8ce Unique. Mati\u00e8re : 100% laine Taille Unique. N&#8217;h\u00e9sitez pas \u00e0 nous solliciter par messagerie sur Instagram : mysundaymorning.fr pour plus d&#8217;infos produit.<\/p>","protected":false},"featured_media":8827,"comment_status":"closed","ping_status":"closed","template":"","meta":{"site-sidebar-layout":"default","site-content-layout":"default","ast-site-content-layout":"default","site-content-style":"default","site-sidebar-style":"default","ast-global-header-display":"","ast-banner-title-visibility":"","ast-main-header-display":"","ast-hfb-above-header-display":"","ast-hfb-below-header-display":"","ast-hfb-mobile-header-display":"","site-post-title":"","ast-breadcrumbs-content":"","ast-featured-img":"","footer-sml-layout":"","theme-transparent-header-meta":"default","adv-header-id-meta":"","stick-header-meta":"","header-above-stick-meta":"","header-main-stick-meta":"","header-below-stick-meta":"","astra-migrate-meta-layouts":"set","ast-page-background-enabled":"default","ast-page-background-meta":{"desktop":{"background-color":"var(--ast-global-color-4)","background-image":"","background-repeat":"repeat","background-position":"center center","background-size":"auto","background-attachment":"scroll","background-type":"","background-media":"","overlay-type":"","overlay-color":"","overlay-gradient":""},"tablet":{"background-color":"","background-image":"","background-repeat":"repeat","background-position":"center center","background-size":"auto","background-attachment":"scroll","background-type":"","background-media":"","overlay-type":"","overlay-color":"","overlay-gradient":""},"mobile":{"background-color":"","background-image":"","background-repeat":"repeat","background-position":"center center","background-size":"auto","background-attachment":"scroll","background-type":"","background-media":"","overlay-type":"","overlay-color":"","overlay-gradient":""}},"ast-content-background-meta":{"desktop":{"background-color":"var(--ast-global-color-5)","background-image":"","background-repeat":"repeat","background-position":"center center","background-size":"auto","background-attachment":"scroll","background-type":"","background-media":"","overlay-type":"","overlay-color":"","overlay-gradient":""},"tablet":{"background-color":"var(--ast-global-color-5)","background-image":"","background-repeat":"repeat","background-position":"center center","background-size":"auto","background-attachment":"scroll","background-type":"","background-media":"","overlay-type":"","overlay-color":"","overlay-gradient":""},"mobile":{"background-color":"var(--ast-global-color-5)","background-image":"","background-repeat":"repeat","background-position":"center center","background-size":"auto","background-attachment":"scroll","background-type":"","background-media":"","overlay-type":"","overlay-color":"","overlay-gradient":""}}},"product_brand":[],"product_cat":[22],"product_tag":[],"class_list":{"0":"post-8824","1":"product","2":"type-product","3":"status-publish","4":"has-post-thumbnail","6":"product_cat-pieces-uniques","7":"desktop-align-left","8":"tablet-align-left","9":"mobile-align-left","11":"first","12":"instock","13":"shipping-taxable","14":"purchasable","15":"product-type-variable","16":"has-default-attributes"},"_links":{"self":[{"href":"https:\/\/chateaudemonart.com\/en\/wp-json\/wp\/v2\/product\/8824","targetHints":{"allow":["GET"]}}],"collection":[{"href":"https:\/\/chateaudemonart.com\/en\/wp-json\/wp\/v2\/product"}],"about":[{"href":"https:\/\/chateaudemonart.com\/en\/wp-json\/wp\/v2\/types\/product"}],"replies":[{"embeddable":true,"href":"https:\/\/chateaudemonart.com\/en\/wp-json\/wp\/v2\/comments?post=8824"}],"version-history":[{"count":1,"href":"https:\/\/chateaudemonart.com\/en\/wp-json\/wp\/v2\/product\/8824\/revisions"}],"predecessor-version":[{"id":8831,"href":"https:\/\/chateaudemonart.com\/en\/wp-json\/wp\/v2\/product\/8824\/revisions\/8831"}],"wp:featuredmedia":[{"embeddable":true,"href":"https:\/\/chateaudemonart.com\/en\/wp-json\/wp\/v2\/media\/8827"}],"wp:attachment":[{"href":"https:\/\/chateaudemonart.com\/en\/wp-json\/wp\/v2\/media?parent=8824"}],"wp:term":[{"taxonomy":"product_brand","embeddable":true,"href":"https:\/\/chateaudemonart.com\/en\/wp-json\/wp\/v2\/product_brand?post=8824"},{"taxonomy":"product_cat","embeddable":true,"href":"https:\/\/chateaudemonart.com\/en\/wp-json\/wp\/v2\/product_cat?post=8824"},{"taxonomy":"product_tag","embeddable":true,"href":"https:\/\/chateaudemonart.com\/en\/wp-json\/wp\/v2\/product_tag?post=8824"}],"curies":[{"name":"wp","href":"https:\/\/api.w.org\/{rel}","templated":true}]}}