{"id":9519,"date":"2026-01-01T07:30:35","date_gmt":"2026-01-01T06:30:35","guid":{"rendered":"https:\/\/chateaudemonart.com\/?post_type=product&#038;p=9519"},"modified":"2026-01-05T19:37:52","modified_gmt":"2026-01-05T18:37:52","slug":"hortense-piece-unique-upcyclee","status":"publish","type":"product","link":"https:\/\/chateaudemonart.com\/en\/product\/hortense-piece-unique-upcyclee\/","title":{"rendered":"HORTENSE &#8211; Pi\u00e8ce Unique upcycl\u00e9e"},"content":{"rendered":"<p>&nbsp;<\/p>\n<p style=\"text-align: left\">Sac vintage upcycl\u00e9, mont\u00e9 dans un travers de table 19\u00e8me en parfait \u00e9tat, piqu\u00e9 main de chaque c\u00f4t\u00e9. Corde en coton \u00e9cru en coulisse et aux anses. Une pi\u00e8ce unique!<\/p>\n<p>Mati\u00e8re : 100% coton &#8211; conseil de lavage : \u00a030\u00b0 machine cycle d\u00e9licat ( laine ou soie ), laver s\u00e9par\u00e9ment. Ne surtout pas mettre au s\u00e8che-linge &#8211; laisser s\u00e9cher sur cintre.<\/p>\n<p>Taille : Unique &#8211; \u00a0Unique size<\/p>\n<p>N&#8217;h\u00e9sitez pas \u00e0 nous solliciter par messagerie sur Instagram : <strong>mysundaymorning.fr<\/strong> pour plus d&#8217;infos produit.<\/p>","protected":false},"excerpt":{"rendered":"<p>&nbsp; Sac vintage upcycl\u00e9, mont\u00e9 dans un travers de table 19\u00e8me en parfait \u00e9tat, piqu\u00e9 main de chaque c\u00f4t\u00e9. Corde en coton \u00e9cru en coulisse et aux anses. Une pi\u00e8ce unique! Mati\u00e8re : 100% coton &#8211; conseil de lavage : \u00a030\u00b0 machine cycle d\u00e9licat ( laine ou soie ), laver s\u00e9par\u00e9ment. Ne surtout pas mettre [&hellip;]<\/p>","protected":false},"featured_media":9524,"comment_status":"closed","ping_status":"closed","template":"","meta":{"site-sidebar-layout":"default","site-content-layout":"default","ast-site-content-layout":"default","site-content-style":"default","site-sidebar-style":"default","ast-global-header-display":"","ast-banner-title-visibility":"","ast-main-header-display":"","ast-hfb-above-header-display":"","ast-hfb-below-header-display":"","ast-hfb-mobile-header-display":"","site-post-title":"","ast-breadcrumbs-content":"","ast-featured-img":"","footer-sml-layout":"","theme-transparent-header-meta":"default","adv-header-id-meta":"","stick-header-meta":"","header-above-stick-meta":"","header-main-stick-meta":"","header-below-stick-meta":"","astra-migrate-meta-layouts":"set","ast-page-background-enabled":"default","ast-page-background-meta":{"desktop":{"background-color":"var(--ast-global-color-4)","background-image":"","background-repeat":"repeat","background-position":"center center","background-size":"auto","background-attachment":"scroll","background-type":"","background-media":"","overlay-type":"","overlay-color":"","overlay-gradient":""},"tablet":{"background-color":"","background-image":"","background-repeat":"repeat","background-position":"center center","background-size":"auto","background-attachment":"scroll","background-type":"","background-media":"","overlay-type":"","overlay-color":"","overlay-gradient":""},"mobile":{"background-color":"","background-image":"","background-repeat":"repeat","background-position":"center center","background-size":"auto","background-attachment":"scroll","background-type":"","background-media":"","overlay-type":"","overlay-color":"","overlay-gradient":""}},"ast-content-background-meta":{"desktop":{"background-color":"var(--ast-global-color-5)","background-image":"","background-repeat":"repeat","background-position":"center center","background-size":"auto","background-attachment":"scroll","background-type":"","background-media":"","overlay-type":"","overlay-color":"","overlay-gradient":""},"tablet":{"background-color":"var(--ast-global-color-5)","background-image":"","background-repeat":"repeat","background-position":"center center","background-size":"auto","background-attachment":"scroll","background-type":"","background-media":"","overlay-type":"","overlay-color":"","overlay-gradient":""},"mobile":{"background-color":"var(--ast-global-color-5)","background-image":"","background-repeat":"repeat","background-position":"center center","background-size":"auto","background-attachment":"scroll","background-type":"","background-media":"","overlay-type":"","overlay-color":"","overlay-gradient":""}}},"product_brand":[],"product_cat":[82],"product_tag":[],"class_list":{"0":"post-9519","1":"product","2":"type-product","3":"status-publish","4":"has-post-thumbnail","6":"product_cat-nouveautes","7":"desktop-align-left","8":"tablet-align-left","9":"mobile-align-left","11":"first","12":"instock","13":"shipping-taxable","14":"purchasable","15":"product-type-variable","16":"has-default-attributes"},"_links":{"self":[{"href":"https:\/\/chateaudemonart.com\/en\/wp-json\/wp\/v2\/product\/9519","targetHints":{"allow":["GET"]}}],"collection":[{"href":"https:\/\/chateaudemonart.com\/en\/wp-json\/wp\/v2\/product"}],"about":[{"href":"https:\/\/chateaudemonart.com\/en\/wp-json\/wp\/v2\/types\/product"}],"replies":[{"embeddable":true,"href":"https:\/\/chateaudemonart.com\/en\/wp-json\/wp\/v2\/comments?post=9519"}],"version-history":[{"count":1,"href":"https:\/\/chateaudemonart.com\/en\/wp-json\/wp\/v2\/product\/9519\/revisions"}],"predecessor-version":[{"id":9533,"href":"https:\/\/chateaudemonart.com\/en\/wp-json\/wp\/v2\/product\/9519\/revisions\/9533"}],"wp:featuredmedia":[{"embeddable":true,"href":"https:\/\/chateaudemonart.com\/en\/wp-json\/wp\/v2\/media\/9524"}],"wp:attachment":[{"href":"https:\/\/chateaudemonart.com\/en\/wp-json\/wp\/v2\/media?parent=9519"}],"wp:term":[{"taxonomy":"product_brand","embeddable":true,"href":"https:\/\/chateaudemonart.com\/en\/wp-json\/wp\/v2\/product_brand?post=9519"},{"taxonomy":"product_cat","embeddable":true,"href":"https:\/\/chateaudemonart.com\/en\/wp-json\/wp\/v2\/product_cat?post=9519"},{"taxonomy":"product_tag","embeddable":true,"href":"https:\/\/chateaudemonart.com\/en\/wp-json\/wp\/v2\/product_tag?post=9519"}],"curies":[{"name":"wp","href":"https:\/\/api.w.org\/{rel}","templated":true}]}}